{"id":71,"date":"2023-09-12T11:49:01","date_gmt":"2023-09-12T09:49:01","guid":{"rendered":"http:\/\/kojderdesign.com\/?page_id=71"},"modified":"2026-02-02T21:56:20","modified_gmt":"2026-02-02T20:56:20","slug":"oferta","status":"publish","type":"page","link":"https:\/\/kojderdesign.com\/?page_id=71","title":{"rendered":"Oferta"},"content":{"rendered":"\n<div style=\"height:30px\" aria-hidden=\"true\" class=\"wp-block-spacer\"><\/div>\n\n\n\n<p>Zajmuje si\u0119 kompleksowym projektowaniem produktu, pocz\u0105wszy od koncepcji i szkic\u00f3w poprzez szybkie wizualizacje oraz modele CAD, ko\u0144cz\u0105c na funkcjonalnych prototypach i prezentacjach.<\/p>\n\n\n\n<div class=\"wp-block-group\"><div class=\"wp-block-group__inner-container is-layout-constrained wp-block-group-is-layout-constrained\">\n<p class=\"has-text-align-center\">| Koncepcja |<\/p>\n\n\n\n<div class=\"wp-block-group\"><div class=\"wp-block-group__inner-container is-layout-constrained wp-block-group-is-layout-constrained\">\n<div class=\"wp-block-media-text is-stacked-on-mobile\" style=\"grid-template-columns:54% auto\"><figure class=\"wp-block-media-text__media\"><img loading=\"lazy\" decoding=\"async\" width=\"840\" height=\"359\" src=\"http:\/\/kojderdesign.com\/wp-content\/uploads\/2023\/09\/KOJDER-DESIGN-LOGO-BLACK-1.png\" alt=\"\" class=\"wp-image-246 size-full\" srcset=\"https:\/\/kojderdesign.com\/wp-content\/uploads\/2023\/09\/KOJDER-DESIGN-LOGO-BLACK-1.png 840w, https:\/\/kojderdesign.com\/wp-content\/uploads\/2023\/09\/KOJDER-DESIGN-LOGO-BLACK-1-300x128.png 300w, https:\/\/kojderdesign.com\/wp-content\/uploads\/2023\/09\/KOJDER-DESIGN-LOGO-BLACK-1-768x328.png 768w\" sizes=\"auto, (max-width: 840px) 100vw, 840px\" \/><\/figure><div class=\"wp-block-media-text__content\">\n<p>Na tym etapie kluczowe jest nieszablonowe my\u015blenie i artystyczne podej\u015bcie do tematy. Wykorzystuje tak\u017ce \u015brodki AI do szybkiego zobrazowania idei oraz wielu alternatyw tak aby nie wpa\u015b\u0107 w pu\u0142apk\u0119 &#8222;jedynego rozwi\u0105zania&#8221;.<\/p>\n<\/div><\/div>\n\n\n\n<div style=\"height:31px\" aria-hidden=\"true\" class=\"wp-block-spacer\"><\/div>\n<\/div><\/div>\n<\/div><\/div>\n\n\n\n<div class=\"wp-block-group\"><div class=\"wp-block-group__inner-container is-layout-constrained wp-block-group-is-layout-constrained\">\n<p class=\"has-text-align-center\">| Stylistyka |<\/p>\n\n\n\n<div class=\"wp-block-group\"><div class=\"wp-block-group__inner-container is-layout-constrained wp-block-group-is-layout-constrained\">\n<div class=\"wp-block-media-text is-stacked-on-mobile\" style=\"grid-template-columns:54% auto\"><figure class=\"wp-block-media-text__media\"><img loading=\"lazy\" decoding=\"async\" width=\"840\" height=\"359\" src=\"http:\/\/kojderdesign.com\/wp-content\/uploads\/2023\/09\/KOJDER-DESIGN-LOGO-BLACK-1.png\" alt=\"\" class=\"wp-image-246 size-full\" srcset=\"https:\/\/kojderdesign.com\/wp-content\/uploads\/2023\/09\/KOJDER-DESIGN-LOGO-BLACK-1.png 840w, https:\/\/kojderdesign.com\/wp-content\/uploads\/2023\/09\/KOJDER-DESIGN-LOGO-BLACK-1-300x128.png 300w, https:\/\/kojderdesign.com\/wp-content\/uploads\/2023\/09\/KOJDER-DESIGN-LOGO-BLACK-1-768x328.png 768w\" sizes=\"auto, (max-width: 840px) 100vw, 840px\" \/><\/figure><div class=\"wp-block-media-text__content\">\n<p>Opis do zrobienia &#8211; powierzchnie zewn\u0119trzne &#8211; przygotowanie pod prace CAD<\/p>\n<\/div><\/div>\n\n\n\n<div style=\"height:31px\" aria-hidden=\"true\" class=\"wp-block-spacer\"><\/div>\n<\/div><\/div>\n<\/div><\/div>\n\n\n\n<div class=\"wp-block-group\"><div class=\"wp-block-group__inner-container is-layout-constrained wp-block-group-is-layout-constrained\">\n<p class=\"has-text-align-center\">| CAD |<\/p>\n\n\n\n<div class=\"wp-block-group\"><div class=\"wp-block-group__inner-container is-layout-constrained wp-block-group-is-layout-constrained\">\n<div class=\"wp-block-media-text is-stacked-on-mobile\" style=\"grid-template-columns:52% auto\"><figure class=\"wp-block-media-text__media\"><img loading=\"lazy\" decoding=\"async\" width=\"840\" height=\"359\" src=\"http:\/\/kojderdesign.com\/wp-content\/uploads\/2023\/09\/KOJDER-DESIGN-LOGO-BLACK-1.png\" alt=\"\" class=\"wp-image-246 size-full\" srcset=\"https:\/\/kojderdesign.com\/wp-content\/uploads\/2023\/09\/KOJDER-DESIGN-LOGO-BLACK-1.png 840w, https:\/\/kojderdesign.com\/wp-content\/uploads\/2023\/09\/KOJDER-DESIGN-LOGO-BLACK-1-300x128.png 300w, https:\/\/kojderdesign.com\/wp-content\/uploads\/2023\/09\/KOJDER-DESIGN-LOGO-BLACK-1-768x328.png 768w\" sizes=\"auto, (max-width: 840px) 100vw, 840px\" \/><\/figure><div class=\"wp-block-media-text__content\">\n<p>Opis do zrobienia &#8211; przygotowanie pod produkcje, grubo\u015bci \u015bcianek, sztywno\u015b\u0107, rozformowanie, z\u0142o\u017cenie, \u0142\u0105czenia, BOM, materia\u0142y, rysunek techniczny, rysunek z\u0142o\u017ceniowy, Solidworks, Nx Siemens, Catia<br><br>W zale\u017cno\u015bci od zapotrzebowania przygotowuje powierzchnie zewn\u0119trzne produktu uwzgl\u0119dniaj\u0105ce wymiary rzeczywistego produktu. Wykonuje tak\u017ce modele zgodne z technologi\u0105 wykonania, m.in. posiadaj\u0105ce odpowiednie grubo\u015bci \u015bcianek, pochylenia, kierunki i podzia\u0142 rozformowania.<\/p>\n<\/div><\/div>\n\n\n\n<div style=\"height:31px\" aria-hidden=\"true\" class=\"wp-block-spacer\"><\/div>\n<\/div><\/div>\n<\/div><\/div>\n\n\n\n<div class=\"wp-block-group\"><div class=\"wp-block-group__inner-container is-layout-constrained wp-block-group-is-layout-constrained\">\n<p class=\"has-text-align-center\">| Modelowanie w glinie modelarskiej |<\/p>\n\n\n\n<div class=\"wp-block-group\"><div class=\"wp-block-group__inner-container is-layout-constrained wp-block-group-is-layout-constrained\">\n<div class=\"wp-block-media-text is-stacked-on-mobile\" style=\"grid-template-columns:52% auto\"><figure class=\"wp-block-media-text__media\"><img loading=\"lazy\" decoding=\"async\" width=\"840\" height=\"359\" src=\"http:\/\/kojderdesign.com\/wp-content\/uploads\/2023\/09\/KOJDER-DESIGN-LOGO-BLACK-1.png\" alt=\"\" class=\"wp-image-246 size-full\" srcset=\"https:\/\/kojderdesign.com\/wp-content\/uploads\/2023\/09\/KOJDER-DESIGN-LOGO-BLACK-1.png 840w, https:\/\/kojderdesign.com\/wp-content\/uploads\/2023\/09\/KOJDER-DESIGN-LOGO-BLACK-1-300x128.png 300w, https:\/\/kojderdesign.com\/wp-content\/uploads\/2023\/09\/KOJDER-DESIGN-LOGO-BLACK-1-768x328.png 768w\" sizes=\"auto, (max-width: 840px) 100vw, 840px\" \/><\/figure><div class=\"wp-block-media-text__content\">\n<p>Opis do zrobienia &#8211; ergonomia, powierzchnie klasy A, proporcje, dopracowanie formy i kszta\u0142tu<\/p>\n<\/div><\/div>\n\n\n\n<div style=\"height:31px\" aria-hidden=\"true\" class=\"wp-block-spacer\"><\/div>\n<\/div><\/div>\n<\/div><\/div>\n\n\n\n<div class=\"wp-block-group\"><div class=\"wp-block-group__inner-container is-layout-constrained wp-block-group-is-layout-constrained\">\n<p class=\"has-text-align-center\">| Druk 3D |<\/p>\n\n\n\n<div class=\"wp-block-group\"><div class=\"wp-block-group__inner-container is-layout-constrained wp-block-group-is-layout-constrained\">\n<div class=\"wp-block-media-text is-stacked-on-mobile\" style=\"grid-template-columns:52% auto\"><figure class=\"wp-block-media-text__media\"><img loading=\"lazy\" decoding=\"async\" width=\"840\" height=\"359\" src=\"http:\/\/kojderdesign.com\/wp-content\/uploads\/2023\/09\/KOJDER-DESIGN-LOGO-BLACK-1.png\" alt=\"\" class=\"wp-image-246 size-full\" srcset=\"https:\/\/kojderdesign.com\/wp-content\/uploads\/2023\/09\/KOJDER-DESIGN-LOGO-BLACK-1.png 840w, https:\/\/kojderdesign.com\/wp-content\/uploads\/2023\/09\/KOJDER-DESIGN-LOGO-BLACK-1-300x128.png 300w, https:\/\/kojderdesign.com\/wp-content\/uploads\/2023\/09\/KOJDER-DESIGN-LOGO-BLACK-1-768x328.png 768w\" sizes=\"auto, (max-width: 840px) 100vw, 840px\" \/><\/figure><div class=\"wp-block-media-text__content\">\n<p>Opis do zrobienia &#8211; pole robocze, park maszynowy, matera\u0142y: PLA, ABS, ASA, produkcja jednostkowa, ma\u0142oseryjna, druk wielokolorowy, sprawdzenie formy i kszta\u0142tu, sprawdzenie z\u0142o\u017cenia, sprawdzenie ergonomii<\/p>\n<\/div><\/div>\n\n\n\n<div style=\"height:31px\" aria-hidden=\"true\" class=\"wp-block-spacer\"><\/div>\n<\/div><\/div>\n<\/div><\/div>\n\n\n\n<div class=\"wp-block-group\"><div class=\"wp-block-group__inner-container is-layout-constrained wp-block-group-is-layout-constrained\">\n<p class=\"has-text-align-center\">| Prototyp funkcjonalny |<\/p>\n\n\n\n<div class=\"wp-block-group\"><div class=\"wp-block-group__inner-container is-layout-constrained wp-block-group-is-layout-constrained\">\n<div class=\"wp-block-media-text is-stacked-on-mobile\" style=\"grid-template-columns:52% auto\"><figure class=\"wp-block-media-text__media\"><img loading=\"lazy\" decoding=\"async\" width=\"840\" height=\"359\" src=\"http:\/\/kojderdesign.com\/wp-content\/uploads\/2023\/09\/KOJDER-DESIGN-LOGO-BLACK-1.png\" alt=\"\" class=\"wp-image-246 size-full\" srcset=\"https:\/\/kojderdesign.com\/wp-content\/uploads\/2023\/09\/KOJDER-DESIGN-LOGO-BLACK-1.png 840w, https:\/\/kojderdesign.com\/wp-content\/uploads\/2023\/09\/KOJDER-DESIGN-LOGO-BLACK-1-300x128.png 300w, https:\/\/kojderdesign.com\/wp-content\/uploads\/2023\/09\/KOJDER-DESIGN-LOGO-BLACK-1-768x328.png 768w\" sizes=\"auto, (max-width: 840px) 100vw, 840px\" \/><\/figure><div class=\"wp-block-media-text__content\">\n<p>Opis do zrobienia prototyp funkcjonalny<\/p>\n<\/div><\/div>\n\n\n\n<div style=\"height:31px\" aria-hidden=\"true\" class=\"wp-block-spacer\"><\/div>\n<\/div><\/div>\n<\/div><\/div>\n\n\n\n<div class=\"wp-block-group\"><div class=\"wp-block-group__inner-container is-layout-constrained wp-block-group-is-layout-constrained\">\n<p class=\"has-text-align-center\">| In\u017cynieria odwrotna |<\/p>\n\n\n\n<div class=\"wp-block-group\"><div class=\"wp-block-group__inner-container is-layout-constrained wp-block-group-is-layout-constrained\">\n<div class=\"wp-block-media-text is-stacked-on-mobile\" style=\"grid-template-columns:52% auto\"><figure class=\"wp-block-media-text__media\"><img loading=\"lazy\" decoding=\"async\" width=\"840\" height=\"359\" src=\"http:\/\/kojderdesign.com\/wp-content\/uploads\/2023\/09\/KOJDER-DESIGN-LOGO-BLACK-1.png\" alt=\"\" class=\"wp-image-246 size-full\" srcset=\"https:\/\/kojderdesign.com\/wp-content\/uploads\/2023\/09\/KOJDER-DESIGN-LOGO-BLACK-1.png 840w, https:\/\/kojderdesign.com\/wp-content\/uploads\/2023\/09\/KOJDER-DESIGN-LOGO-BLACK-1-300x128.png 300w, https:\/\/kojderdesign.com\/wp-content\/uploads\/2023\/09\/KOJDER-DESIGN-LOGO-BLACK-1-768x328.png 768w\" sizes=\"auto, (max-width: 840px) 100vw, 840px\" \/><\/figure><div class=\"wp-block-media-text__content\">\n<p>Opis do zrobienia &#8211; analiza skan VS CAD<\/p>\n<\/div><\/div>\n\n\n\n<div style=\"height:31px\" aria-hidden=\"true\" class=\"wp-block-spacer\"><\/div>\n<\/div><\/div>\n<\/div><\/div>\n\n\n\n<div class=\"wp-block-group\"><div class=\"wp-block-group__inner-container is-layout-constrained wp-block-group-is-layout-constrained\">\n<p class=\"has-text-align-center\">| Skanowanie 3D + kolor |<\/p>\n\n\n\n<div class=\"wp-block-group\"><div class=\"wp-block-group__inner-container is-layout-constrained wp-block-group-is-layout-constrained\">\n<div class=\"wp-block-media-text is-stacked-on-mobile\" style=\"grid-template-columns:52% auto\"><figure class=\"wp-block-media-text__media\"><img loading=\"lazy\" decoding=\"async\" width=\"840\" height=\"359\" src=\"http:\/\/kojderdesign.com\/wp-content\/uploads\/2023\/09\/KOJDER-DESIGN-LOGO-BLACK-1.png\" alt=\"\" class=\"wp-image-246 size-full\" srcset=\"https:\/\/kojderdesign.com\/wp-content\/uploads\/2023\/09\/KOJDER-DESIGN-LOGO-BLACK-1.png 840w, https:\/\/kojderdesign.com\/wp-content\/uploads\/2023\/09\/KOJDER-DESIGN-LOGO-BLACK-1-300x128.png 300w, https:\/\/kojderdesign.com\/wp-content\/uploads\/2023\/09\/KOJDER-DESIGN-LOGO-BLACK-1-768x328.png 768w\" sizes=\"auto, (max-width: 840px) 100vw, 840px\" \/><\/figure><div class=\"wp-block-media-text__content\">\n<p>Opis do zrobienia &#8211; Einscan PRO, digitalizacja produkt\u00f3w kszta\u0142t + kolor<\/p>\n<\/div><\/div>\n\n\n\n<div style=\"height:31px\" aria-hidden=\"true\" class=\"wp-block-spacer\"><\/div>\n<\/div><\/div>\n<\/div><\/div>\n\n\n\n<div class=\"wp-block-group\"><div class=\"wp-block-group__inner-container is-layout-constrained wp-block-group-is-layout-constrained\">\n<p class=\"has-text-align-center\">| Wizualizacja produktu |<\/p>\n\n\n\n<div class=\"wp-block-group\"><div class=\"wp-block-group__inner-container is-layout-constrained wp-block-group-is-layout-constrained\">\n<div class=\"wp-block-media-text is-stacked-on-mobile\" style=\"grid-template-columns:52% auto\"><figure class=\"wp-block-media-text__media\"><img loading=\"lazy\" decoding=\"async\" width=\"840\" height=\"359\" src=\"http:\/\/kojderdesign.com\/wp-content\/uploads\/2023\/09\/KOJDER-DESIGN-LOGO-BLACK-1.png\" alt=\"\" class=\"wp-image-246 size-full\" srcset=\"https:\/\/kojderdesign.com\/wp-content\/uploads\/2023\/09\/KOJDER-DESIGN-LOGO-BLACK-1.png 840w, https:\/\/kojderdesign.com\/wp-content\/uploads\/2023\/09\/KOJDER-DESIGN-LOGO-BLACK-1-300x128.png 300w, https:\/\/kojderdesign.com\/wp-content\/uploads\/2023\/09\/KOJDER-DESIGN-LOGO-BLACK-1-768x328.png 768w\" sizes=\"auto, (max-width: 840px) 100vw, 840px\" \/><\/figure><div class=\"wp-block-media-text__content\">\n<p>Opis do zrobienia<\/p>\n<\/div><\/div>\n\n\n\n<div style=\"height:31px\" aria-hidden=\"true\" class=\"wp-block-spacer\"><\/div>\n<\/div><\/div>\n<\/div><\/div>\n\n\n\n<div class=\"wp-block-group\"><div class=\"wp-block-group__inner-container is-layout-constrained wp-block-group-is-layout-constrained\">\n<p class=\"has-text-align-center\">| Animacja produktu |<\/p>\n\n\n\n<div class=\"wp-block-group\"><div class=\"wp-block-group__inner-container is-layout-constrained wp-block-group-is-layout-constrained\">\n<div class=\"wp-block-media-text is-stacked-on-mobile\" style=\"grid-template-columns:52% auto\"><figure class=\"wp-block-media-text__media\"><img loading=\"lazy\" decoding=\"async\" width=\"840\" height=\"359\" src=\"http:\/\/kojderdesign.com\/wp-content\/uploads\/2023\/09\/KOJDER-DESIGN-LOGO-BLACK-1.png\" alt=\"\" class=\"wp-image-246 size-full\" srcset=\"https:\/\/kojderdesign.com\/wp-content\/uploads\/2023\/09\/KOJDER-DESIGN-LOGO-BLACK-1.png 840w, https:\/\/kojderdesign.com\/wp-content\/uploads\/2023\/09\/KOJDER-DESIGN-LOGO-BLACK-1-300x128.png 300w, https:\/\/kojderdesign.com\/wp-content\/uploads\/2023\/09\/KOJDER-DESIGN-LOGO-BLACK-1-768x328.png 768w\" sizes=\"auto, (max-width: 840px) 100vw, 840px\" \/><\/figure><div class=\"wp-block-media-text__content\">\n<p>Opis do zrobienia &#8211; animacja produktu, z\u0142o\u017cenia, exploded view, <\/p>\n<\/div><\/div>\n\n\n\n<div style=\"height:31px\" aria-hidden=\"true\" class=\"wp-block-spacer\"><\/div>\n<\/div><\/div>\n<\/div><\/div>\n\n\n\n<div class=\"wp-block-group\"><div class=\"wp-block-group__inner-container is-layout-constrained wp-block-group-is-layout-constrained\">\n<p class=\"has-text-align-center\">| VR |<\/p>\n\n\n\n<div class=\"wp-block-group\"><div class=\"wp-block-group__inner-container is-layout-constrained wp-block-group-is-layout-constrained\">\n<div class=\"wp-block-media-text is-stacked-on-mobile\" style=\"grid-template-columns:52% auto\"><figure class=\"wp-block-media-text__media\"><img loading=\"lazy\" decoding=\"async\" width=\"840\" height=\"359\" src=\"http:\/\/kojderdesign.com\/wp-content\/uploads\/2023\/09\/KOJDER-DESIGN-LOGO-BLACK-1.png\" alt=\"\" class=\"wp-image-246 size-full\" srcset=\"https:\/\/kojderdesign.com\/wp-content\/uploads\/2023\/09\/KOJDER-DESIGN-LOGO-BLACK-1.png 840w, https:\/\/kojderdesign.com\/wp-content\/uploads\/2023\/09\/KOJDER-DESIGN-LOGO-BLACK-1-300x128.png 300w, https:\/\/kojderdesign.com\/wp-content\/uploads\/2023\/09\/KOJDER-DESIGN-LOGO-BLACK-1-768x328.png 768w\" sizes=\"auto, (max-width: 840px) 100vw, 840px\" \/><\/figure><div class=\"wp-block-media-text__content\">\n<p>Opis do zrobienia<\/p>\n<\/div><\/div>\n\n\n\n<div style=\"height:31px\" aria-hidden=\"true\" class=\"wp-block-spacer\"><\/div>\n<\/div><\/div>\n<\/div><\/div>\n","protected":false},"excerpt":{"rendered":"<p>Zajmuje si\u0119 kompleksowym projektowaniem produktu, pocz\u0105wszy od koncepcji i szkic\u00f3w poprzez szybkie wizualizacje oraz modele CAD, ko\u0144cz\u0105c na funkcjonalnych prototypach i prezentacjach. | Koncepcja | Na tym etapie kluczowe jest nieszablonowe my\u015blenie i artystyczne podej\u015bcie do tematy. Wykorzystuje tak\u017ce \u015brodki AI do szybkiego zobrazowania idei oraz wielu alternatyw tak aby [&hellip;]<\/p>\n","protected":false},"author":1,"featured_media":771,"parent":0,"menu_order":0,"comment_status":"closed","ping_status":"closed","template":"","meta":{"footnotes":""},"class_list":["post-71","page","type-page","status-publish","has-post-thumbnail","hentry"],"_links":{"self":[{"href":"https:\/\/kojderdesign.com\/index.php?rest_route=\/wp\/v2\/pages\/71","targetHints":{"allow":["GET"]}}],"collection":[{"href":"https:\/\/kojderdesign.com\/index.php?rest_route=\/wp\/v2\/pages"}],"about":[{"href":"https:\/\/kojderdesign.com\/index.php?rest_route=\/wp\/v2\/types\/page"}],"author":[{"embeddable":true,"href":"https:\/\/kojderdesign.com\/index.php?rest_route=\/wp\/v2\/users\/1"}],"replies":[{"embeddable":true,"href":"https:\/\/kojderdesign.com\/index.php?rest_route=%2Fwp%2Fv2%2Fcomments&post=71"}],"version-history":[{"count":34,"href":"https:\/\/kojderdesign.com\/index.php?rest_route=\/wp\/v2\/pages\/71\/revisions"}],"predecessor-version":[{"id":763,"href":"https:\/\/kojderdesign.com\/index.php?rest_route=\/wp\/v2\/pages\/71\/revisions\/763"}],"wp:featuredmedia":[{"embeddable":true,"href":"https:\/\/kojderdesign.com\/index.php?rest_route=\/wp\/v2\/media\/771"}],"wp:attachment":[{"href":"https:\/\/kojderdesign.com\/index.php?rest_route=%2Fwp%2Fv2%2Fmedia&parent=71"}],"curies":[{"name":"wp","href":"https:\/\/api.w.org\/{rel}","templated":true}]}}